{"id":46,"date":"2020-05-25T10:10:29","date_gmt":"2020-05-25T08:10:29","guid":{"rendered":"http:\/\/www.ttceconsult.fr\/?page_id=46"},"modified":"2026-04-03T18:07:31","modified_gmt":"2026-04-03T16:07:31","slug":"mes-missions","status":"publish","type":"page","link":"http:\/\/www.ttceconsult.fr\/index.php\/mes-missions\/","title":{"rendered":"Mes missions"},"content":{"rendered":"<p>[et_pb_section fb_built=\u00a0\u00bb1&Prime; admin_label=\u00a0\u00bbHero\u00a0\u00bb _builder_version=\u00a0\u00bb4.16&Prime; use_background_color_gradient=\u00a0\u00bbon\u00a0\u00bb background_color_gradient_type=\u00a0\u00bbcircular\u00a0\u00bb background_color_gradient_direction_radial=\u00a0\u00bbtop left\u00a0\u00bb background_color_gradient_stops=\u00a0\u00bbrgba(40,40,40,0.79) 0%|rgba(40,40,40,0.86) 100%\u00a0\u00bb background_color_gradient_overlays_image=\u00a0\u00bbon\u00a0\u00bb background_color_gradient_start=\u00a0\u00bbrgba(40,40,40,0.79)\u00a0\u00bb background_color_gradient_end=\u00a0\u00bbrgba(40,40,40,0.86)\u00a0\u00bb background_image=\u00a0\u00bbhttp:\/\/www.ttceconsult.fr\/wp-content\/uploads\/2020\/05\/IMG_20181004_103547.jpg\u00a0\u00bb custom_margin=\u00a0\u00bb||||false\u00a0\u00bb custom_padding=\u00a0\u00bb0vw||0vw|35px|true|false\u00a0\u00bb global_colors_info=\u00a0\u00bb{}\u00a0\u00bb min_height=\u00a0\u00bb621.2px\u00a0\u00bb width=\u00a0\u00bb99.7%\u00a0\u00bb][et_pb_row _builder_version=\u00a0\u00bb4.16&Prime; global_colors_info=\u00a0\u00bb{}\u00a0\u00bb custom_margin=\u00a0\u00bb|auto|-28px|auto||\u00a0\u00bb][et_pb_column type=\u00a0\u00bb4_4&Prime; _builder_version=\u00a0\u00bb4.16&Prime; custom_padding=\u00a0\u00bb|||\u00a0\u00bb global_colors_info=\u00a0\u00bb{}\u00a0\u00bb custom_padding__hover=\u00a0\u00bb|||\u00a0\u00bb][et_pb_text _builder_version=\u00a0\u00bb4.16&Prime; text_font=\u00a0\u00bb||||||||\u00a0\u00bb header_font=\u00a0\u00bbRubik|700|||||||\u00a0\u00bb header_font_size=\u00a0\u00bb64px\u00a0\u00bb header_line_height=\u00a0\u00bb1.1em\u00a0\u00bb background_layout=\u00a0\u00bbdark\u00a0\u00bb max_width=\u00a0\u00bb800px\u00a0\u00bb custom_margin=\u00a0\u00bb||0px|\u00a0\u00bb custom_padding=\u00a0\u00bb|||16px\u00a0\u00bb text_font_size_tablet=\u00a0\u00bb14px\u00a0\u00bb text_font_size_last_edited=\u00a0\u00bboff|desktop\u00a0\u00bb header_font_size_tablet=\u00a0\u00bb44px\u00a0\u00bb header_font_size_phone=\u00a0\u00bb32px\u00a0\u00bb header_font_size_last_edited=\u00a0\u00bbon|phone\u00a0\u00bb border_color_all=\u00a0\u00bb#ffb400&Prime; border_width_left=\u00a0\u00bb10px\u00a0\u00bb global_colors_info=\u00a0\u00bb{}\u00a0\u00bb]<\/p>\n<h1>Mes missions<\/h1>\n<p>[\/et_pb_text][et_pb_text _builder_version=\u00a0\u00bb4.16&Prime; text_font=\u00a0\u00bb||||||||\u00a0\u00bb text_font_size=\u00a0\u00bb22px\u00a0\u00bb text_line_height=\u00a0\u00bb1.6em\u00a0\u00bb header_font=\u00a0\u00bb||||||||\u00a0\u00bb background_layout=\u00a0\u00bbdark\u00a0\u00bb max_width=\u00a0\u00bb800px\u00a0\u00bb custom_margin=\u00a0\u00bb|||\u00a0\u00bb custom_padding=\u00a0\u00bb20px||20px||true\u00a0\u00bb text_font_size_tablet=\u00a0\u00bb18px\u00a0\u00bb text_font_size_phone=\u00a0\u00bb\u00a0\u00bb text_font_size_last_edited=\u00a0\u00bbon|phone\u00a0\u00bb global_colors_info=\u00a0\u00bb{}\u00a0\u00bb]<\/p>\n<p>Vous accompagner dans toutes les \u00e9tapes de votre projet et coordonner le chantier. Du devis, \u00e0 r\u00e9ception, je suis \u00e0 vos cot\u00e9s.<\/p>\n<p style=\"text-align: justify;\"><span style=\"font-size: small;\"><span style=\"font-size: medium;\"><strong><span style=\"text-decoration: underline;\">Maitres d&rsquo;oeuvres, entreprises ou particuliers<\/span><\/strong><\/span>:<\/span><\/p>\n<p style=\"text-align: justify;\"><span style=\"font-size: small;\">Vous avez un projet ? Je me charge de r\u00e9aliser les devis avec des entreprises qualifi\u00e9es et\/ou de suivre ensuite les travaux.<\/span><\/p>\n<p style=\"text-align: justify;\"><span style=\"font-size: small;\">Vous avez vos entreprises mais vous ne savez ou ne pouvez pas suivre les travaux par manque de temps?<\/span><\/p>\n<p style=\"text-align: justify;\"><span style=\"font-size: small;\">Je me charge de v\u00e9rifier avec vous la coh\u00e9rence des devis et je coordonne les travaux pour vous..<\/span><\/p>\n<p style=\"text-align: justify;\"><span style=\"font-size: small;\"><strong><span style=\"text-decoration: underline; font-size: medium;\">Maitres d&rsquo;oeuvres<\/span>:<\/strong> vous voulez vous consacrer \u00e0 la cr\u00e9ation de projets qui est votre coeur de m\u00e9tier?<\/span><\/p>\n<p style=\"text-align: justify;\"><span style=\"font-size: small;\">Confiez moi le pilotage de vos chantiers et cela vous permettra de vous lib\u00e9rer du temps pour vos dossiers \u00e0 cr\u00e9er.<\/span><\/p>\n<p style=\"text-align: justify;\"><span style=\"font-size: small;\"><span style=\"font-size: medium;\"><strong><u>Dans tous les cas:<\/u><\/strong><\/span> l\u2019assurance de faire confiance \u00e0 un professionnel qualifi\u00e9, <strong>DISPOSANT D&rsquo;UNE GARANTIE D\u00c9CENNALE<\/strong>\u00a0et qui sera l&rsquo;interlocuteur principal de votre projet afin que celui-ci se fasse dans les meilleures conditions.<\/span><\/p>\n<p>[\/et_pb_text][\/et_pb_column][\/et_pb_row][\/et_pb_section]<\/p>\n","protected":false},"excerpt":{"rendered":"<p>Mes missionsVous accompagner dans toutes les \u00e9tapes de votre projet et coordonner le chantier. Du devis, \u00e0 r\u00e9ception, je suis \u00e0 vos cot\u00e9s. Maitres d&rsquo;oeuvres, entreprises ou particuliers: Vous avez un projet ? Je me charge de r\u00e9aliser les devis avec des entreprises qualifi\u00e9es et\/ou de suivre ensuite les travaux. Vous avez vos entreprises mais [&hellip;]<\/p>\n","protected":false},"author":1,"featured_media":0,"parent":0,"menu_order":0,"comment_status":"closed","ping_status":"closed","template":"","meta":{"_et_pb_use_builder":"on","_et_pb_old_content":"","_et_gb_content_width":"","footnotes":""},"class_list":["post-46","page","type-page","status-publish","hentry"],"_links":{"self":[{"href":"http:\/\/www.ttceconsult.fr\/index.php\/wp-json\/wp\/v2\/pages\/46","targetHints":{"allow":["GET"]}}],"collection":[{"href":"http:\/\/www.ttceconsult.fr\/index.php\/wp-json\/wp\/v2\/pages"}],"about":[{"href":"http:\/\/www.ttceconsult.fr\/index.php\/wp-json\/wp\/v2\/types\/page"}],"author":[{"embeddable":true,"href":"http:\/\/www.ttceconsult.fr\/index.php\/wp-json\/wp\/v2\/users\/1"}],"replies":[{"embeddable":true,"href":"http:\/\/www.ttceconsult.fr\/index.php\/wp-json\/wp\/v2\/comments?post=46"}],"version-history":[{"count":12,"href":"http:\/\/www.ttceconsult.fr\/index.php\/wp-json\/wp\/v2\/pages\/46\/revisions"}],"predecessor-version":[{"id":524,"href":"http:\/\/www.ttceconsult.fr\/index.php\/wp-json\/wp\/v2\/pages\/46\/revisions\/524"}],"wp:attachment":[{"href":"http:\/\/www.ttceconsult.fr\/index.php\/wp-json\/wp\/v2\/media?parent=46"}],"curies":[{"name":"wp","href":"https:\/\/api.w.org\/{rel}","templated":true}]}}